{"id":290,"date":"2021-04-16T20:31:02","date_gmt":"2021-04-16T18:31:02","guid":{"rendered":"http:\/\/www.lbfruits2006.al\/product\/speca-babur\/"},"modified":"2021-06-19T14:14:53","modified_gmt":"2021-06-19T12:14:53","slug":"speca-babur","status":"publish","type":"product","link":"https:\/\/www.lbfruits2006.al\/sq\/product\/speca-babur\/","title":{"rendered":"Speca Babur"},"content":{"rendered":"","protected":false},"excerpt":{"rendered":"<p>[vc_row type=&#8221;normal&#8221; video=&#8221;&#8221; css=&#8221;.vc_custom_1463469856621{padding-top: 65px !important;}&#8221;][vc_column][vc_column_text]<\/p>\n<blockquote>\n<p>Mos nguroni t\u00eb na kontaktoni p\u00ebr t\u00eb k\u00ebrkuar informacion p\u00ebr porosi, disponueshm\u00ebrin e prodhimeve bujqesore, varietetin e prodhimit, cmimin e tj&#8230;<\/p>\n<\/blockquote>\n<p>[\/vc_column_text][button button_link=\"url:https%3A%2F%2Fwww.lbfruits2006.al%2Fsq%2Fcontact%2F|title:Kontakt\" button_style=\"solid\" button_icon=\"pixicon-arrow-right\" button_text=\"Contact Us\"][\/vc_column][\/vc_row]<\/p>\n","protected":false},"featured_media":12533,"template":"","meta":[],"product_brand":[],"product_cat":[47],"product_tag":[],"class_list":{"0":"post-290","1":"product","2":"type-product","3":"status-publish","4":"has-post-thumbnail","6":"product_cat-perime","8":"first","9":"instock","10":"shipping-taxable","11":"product-type-simple"},"_links":{"self":[{"href":"https:\/\/www.lbfruits2006.al\/sq\/wp-json\/wp\/v2\/product\/290","targetHints":{"allow":["GET"]}}],"collection":[{"href":"https:\/\/www.lbfruits2006.al\/sq\/wp-json\/wp\/v2\/product"}],"about":[{"href":"https:\/\/www.lbfruits2006.al\/sq\/wp-json\/wp\/v2\/types\/product"}],"wp:featuredmedia":[{"embeddable":true,"href":"https:\/\/www.lbfruits2006.al\/sq\/wp-json\/wp\/v2\/media\/12533"}],"wp:attachment":[{"href":"https:\/\/www.lbfruits2006.al\/sq\/wp-json\/wp\/v2\/media?parent=290"}],"wp:term":[{"taxonomy":"product_brand","embeddable":true,"href":"https:\/\/www.lbfruits2006.al\/sq\/wp-json\/wp\/v2\/product_brand?post=290"},{"taxonomy":"product_cat","embeddable":true,"href":"https:\/\/www.lbfruits2006.al\/sq\/wp-json\/wp\/v2\/product_cat?post=290"},{"taxonomy":"product_tag","embeddable":true,"href":"https:\/\/www.lbfruits2006.al\/sq\/wp-json\/wp\/v2\/product_tag?post=290"}],"curies":[{"name":"wp","href":"https:\/\/api.w.org\/{rel}","templated":true}]}}